{"id":101,"date":"2018-01-14T07:54:25","date_gmt":"2018-01-14T12:54:25","guid":{"rendered":"https:\/\/www.melkiauto.com\/fr\/?page_id=101"},"modified":"2018-09-29T09:55:54","modified_gmt":"2018-09-29T13:55:54","slug":"entretien-periodique","status":"publish","type":"page","link":"https:\/\/www.melkiauto.com\/fr\/entretien-periodique\/","title":{"rendered":"Entretien P\u00e9riodique"},"content":{"rendered":"<p>Les entretiens p\u00e9riodiques effectu\u00e9s sur les v\u00e9hicules ont \u00e9norm\u00e9ment chang\u00e9s dans la derni\u00e8re d\u00e9cennie. En effet chaque fabricant automobile d\u00e9veloppe des technologies appropri\u00e9es \u00e0 leurs mod\u00e8les. Une part importante de l\u2019entretien effectu\u00e9 sur ces v\u00e9hicules repose sur les produits utilis\u00e9s (ex\u00a0: certifications et grades d\u2019huiles, filtres, etc.) La technologie nous permet d\u2019espacer les entretiens requis mais les produits employ\u00e9s doivent \u00eatre ceux recommand\u00e9s afin de respecter les normes de garanties.<\/p>\n<p>Au Centre de l\u2019auto Melki inc. nous prenons \u00e0 c\u0153ur l\u2019entretien p\u00e9riodique de votre v\u00e9hicule \u00e0 une fraction du co\u00fbt des manufacturiers. Nous comprenons l\u2019importance de rouler dans un v\u00e9hicule s\u00e9curitaire, c\u2019est pourquoi nous faisons tout en notre pouvoir afin de ne pas n\u00e9gliger cet aspect de votre v\u00e9hicule. Que ce soit un v\u00e9hicule d\u2019origine am\u00e9ricaine, europ\u00e9enne ou asiatique, nos techniciens poss\u00e8dent les comp\u00e9tences n\u00e9cessaires afin de vous assurer la paix d\u2019esprit.<\/p>\n<div class='sfsi_Sicons' style='width: 100%; display: inline-block; vertical-align: middle; text-align:left'><div style='margin:0px 8px 0px 0px; line-height: 24px'><span><\/span><\/div><div class='sfsi_socialwpr'><div class='sf_subscrbe' style='text-align:left;float:left;width:64px'><a href=\"javascript:void(0);\" target=\"_blank\"><img decoding=\"async\" src=\"https:\/\/www.melkiauto.com\/fr\/wp-content\/plugins\/ultimate-social-media-icons\/images\/follow_subscribe.png\" \/><\/a><\/div><div class='sf_fb' style='text-align:left;width:98px'><div class=\"fb-like\" href=\"https:\/\/www.melkiauto.com\/fr\/entretien-periodique\/\" width=\"180\" send=\"false\" showfaces=\"false\"  action=\"like\" data-share=\"true\"data-layout=\"button\" ><\/div><\/div><div class='sf_twiter' style='text-align:left;float:left;width:auto'><a href=\"http:\/\/twitter.com\/share\" data-count=\"none\" class=\"sr-twitter-button twitter-share-button\" lang=\"en\" data-url=\"https:\/\/www.melkiauto.com\/fr\/entretien-periodique\/\" data-text=\"Entretien P\u00e9riodique\" ><\/a><\/div><div class='sf_pinit' style='text-align:left;float:left;line-height: 20px;width:47px'><a href=\"https:\/\/www.pinterest.com\/pin\/create\/button\/?url=&media=&description=\" data-pin-do=\"buttonPin\" data-pin-save=\"true\"data-pin-count=\"none\"><\/a><\/div><div class='sf_google' style='text-align:left;float:left;max-width:62px;min-width:35px;'><div class=\"g-plusone\" data-href=\"https:\/\/www.melkiauto.com\/fr\/entretien-periodique\/\" data-size=\"large\" data-annotation=\"none\" ><\/div><\/div><div class='sf_addthis'> <script type=\"text\/javascript\">\r\n\t\t\tvar addthis_config = {\r\n\t\t\t\t url: \"https:\/\/www.melkiauto.com\/fr\/entretien-periodique\/\",\r\n\t\t\t\t title: \"Entretien P\u00e9riodique\"\r\n\t\t\t}\r\n\t\t\t<\/script><div class=\"addthis_toolbox addthis_default_style addthis_20x20_style\" addthis:url=\"https:\/\/www.melkiauto.com\/fr\/entretien-periodique\/\" addthis:title=\"Entretien P\u00e9riodique\"><a class=\"addthis_button_compact \" href=\"#\">  <img decoding=\"async\" src=\"https:\/\/www.melkiauto.com\/fr\/wp-content\/plugins\/ultimate-social-media-icons\/images\/sharebtn.png\"  border=\"0\" alt=\"Share\" \/><\/a><\/div><\/div><\/div><\/div>","protected":false},"excerpt":{"rendered":"<p>Les entretiens p\u00e9riodiques effectu\u00e9s sur les v\u00e9hicules ont \u00e9norm\u00e9ment chang\u00e9s dans la derni\u00e8re d\u00e9cennie. En effet chaque fabricant automobile d\u00e9veloppe des technologies appropri\u00e9es \u00e0 leurs mod\u00e8les. Une part importante de l\u2019entretien effectu\u00e9 sur ces v\u00e9hicules repose sur les produits utilis\u00e9s (ex\u00a0: certifications et grades d\u2019huiles, filtres, etc.) La technologie nous permet d\u2019espacer les entretiens requis &hellip; <\/p>\n<p class=\"link-more\"><a href=\"https:\/\/www.melkiauto.com\/fr\/entretien-periodique\/\" class=\"more-link\">Continuer la lecture<span class=\"screen-reader-text\"> de &laquo; Entretien P\u00e9riodique &raquo;<\/span><\/a><\/p>\n","protected":false},"author":1,"featured_media":155,"parent":0,"menu_order":0,"comment_status":"closed","ping_status":"closed","template":"","meta":{"footnotes":""},"class_list":["post-101","page","type-page","status-publish","has-post-thumbnail","hentry"],"_links":{"self":[{"href":"https:\/\/www.melkiauto.com\/fr\/wp-json\/wp\/v2\/pages\/101","targetHints":{"allow":["GET"]}}],"collection":[{"href":"https:\/\/www.melkiauto.com\/fr\/wp-json\/wp\/v2\/pages"}],"about":[{"href":"https:\/\/www.melkiauto.com\/fr\/wp-json\/wp\/v2\/types\/page"}],"author":[{"embeddable":true,"href":"https:\/\/www.melkiauto.com\/fr\/wp-json\/wp\/v2\/users\/1"}],"replies":[{"embeddable":true,"href":"https:\/\/www.melkiauto.com\/fr\/wp-json\/wp\/v2\/comments?post=101"}],"version-history":[{"count":3,"href":"https:\/\/www.melkiauto.com\/fr\/wp-json\/wp\/v2\/pages\/101\/revisions"}],"predecessor-version":[{"id":199,"href":"https:\/\/www.melkiauto.com\/fr\/wp-json\/wp\/v2\/pages\/101\/revisions\/199"}],"wp:featuredmedia":[{"embeddable":true,"href":"https:\/\/www.melkiauto.com\/fr\/wp-json\/wp\/v2\/media\/155"}],"wp:attachment":[{"href":"https:\/\/www.melkiauto.com\/fr\/wp-json\/wp\/v2\/media?parent=101"}],"curies":[{"name":"wp","href":"https:\/\/api.w.org\/{rel}","templated":true}]}}