{"id":60,"date":"2017-10-08T10:39:43","date_gmt":"2017-10-08T14:39:43","guid":{"rendered":"https:\/\/www.melkiauto.com\/fr\/?page_id=60"},"modified":"2018-04-15T16:45:31","modified_gmt":"2018-04-15T20:45:31","slug":"mecanique-generale","status":"publish","type":"page","link":"https:\/\/www.melkiauto.com\/fr\/mecanique-generale\/","title":{"rendered":"M\u00e9canique G\u00e9n\u00e9rale"},"content":{"rendered":"<p>Personne n\u2019est \u00e0 l\u2019abri d\u2019un d\u00e9faillance m\u00e9canique.<\/p>\n<p>Fiez-vous \u00e0 notre \u00e9quipe de professionnels pour les r\u00e9parations de votre v\u00e9hicule.<\/p>\n<p>Nous sommes \u00e9quip\u00e9s afin d\u2019effectuer la r\u00e9paration de voitures asiatiques, am\u00e9ricaines et europ\u00e9ennes.<\/p>\n<p>Nous sommes en mesure de r\u00e9parer toutes les composantes de votre automobile ou votre camion l\u00e9ger tel que le moteur, la direction, la suspension, les freins, le syst\u00e8me d&rsquo;\u00e9chappement, syst\u00e8me de refroidissement et bien plus.<\/p>\n<p>Que ce soit pour notre service hors pair, la qualit\u00e9 du travail accompli ou encore le savoir-faire de nos techniciens, la r\u00e9putation du Centre de l\u2019auto Melki n\u2019est plus \u00e0 faire.<\/p>\n<div class='sfsi_Sicons' style='width: 100%; display: inline-block; vertical-align: middle; text-align:left'><div style='margin:0px 8px 0px 0px; line-height: 24px'><span><\/span><\/div><div class='sfsi_socialwpr'><div class='sf_subscrbe' style='text-align:left;float:left;width:64px'><a href=\"javascript:void(0);\" target=\"_blank\"><img decoding=\"async\" src=\"https:\/\/www.melkiauto.com\/fr\/wp-content\/plugins\/ultimate-social-media-icons\/images\/follow_subscribe.png\" \/><\/a><\/div><div class='sf_fb' style='text-align:left;width:98px'><div class=\"fb-like\" href=\"https:\/\/www.melkiauto.com\/fr\/mecanique-generale\/\" width=\"180\" send=\"false\" showfaces=\"false\"  action=\"like\" data-share=\"true\"data-layout=\"button\" ><\/div><\/div><div class='sf_twiter' style='text-align:left;float:left;width:auto'><a href=\"http:\/\/twitter.com\/share\" data-count=\"none\" class=\"sr-twitter-button twitter-share-button\" lang=\"en\" data-url=\"https:\/\/www.melkiauto.com\/fr\/mecanique-generale\/\" data-text=\"M\u00e9canique G\u00e9n\u00e9rale\" ><\/a><\/div><div class='sf_pinit' style='text-align:left;float:left;line-height: 20px;width:47px'><a href=\"https:\/\/www.pinterest.com\/pin\/create\/button\/?url=&media=&description=\" data-pin-do=\"buttonPin\" data-pin-save=\"true\"data-pin-count=\"none\"><\/a><\/div><div class='sf_google' style='text-align:left;float:left;max-width:62px;min-width:35px;'><div class=\"g-plusone\" data-href=\"https:\/\/www.melkiauto.com\/fr\/mecanique-generale\/\" data-size=\"large\" data-annotation=\"none\" ><\/div><\/div><div class='sf_addthis'> <script type=\"text\/javascript\">\r\n\t\t\tvar addthis_config = {\r\n\t\t\t\t url: \"https:\/\/www.melkiauto.com\/fr\/mecanique-generale\/\",\r\n\t\t\t\t title: \"M\u00e9canique G\u00e9n\u00e9rale\"\r\n\t\t\t}\r\n\t\t\t<\/script><div class=\"addthis_toolbox addthis_default_style addthis_20x20_style\" addthis:url=\"https:\/\/www.melkiauto.com\/fr\/mecanique-generale\/\" addthis:title=\"M\u00e9canique G\u00e9n\u00e9rale\"><a class=\"addthis_button_compact \" href=\"#\">  <img decoding=\"async\" src=\"https:\/\/www.melkiauto.com\/fr\/wp-content\/plugins\/ultimate-social-media-icons\/images\/sharebtn.png\"  border=\"0\" alt=\"Share\" \/><\/a><\/div><\/div><\/div><\/div>","protected":false},"excerpt":{"rendered":"<p>Personne n\u2019est \u00e0 l\u2019abri d\u2019un d\u00e9faillance m\u00e9canique. Fiez-vous \u00e0 notre \u00e9quipe de professionnels pour les r\u00e9parations de votre v\u00e9hicule. Nous sommes \u00e9quip\u00e9s afin d\u2019effectuer la r\u00e9paration de voitures asiatiques, am\u00e9ricaines et europ\u00e9ennes. Nous sommes en mesure de r\u00e9parer toutes les composantes de votre automobile ou votre camion l\u00e9ger tel que le moteur, la direction, la &hellip; <\/p>\n<p class=\"link-more\"><a href=\"https:\/\/www.melkiauto.com\/fr\/mecanique-generale\/\" class=\"more-link\">Continuer la lecture<span class=\"screen-reader-text\"> de &laquo; M\u00e9canique G\u00e9n\u00e9rale &raquo;<\/span><\/a><\/p>\n","protected":false},"author":1,"featured_media":123,"parent":0,"menu_order":0,"comment_status":"closed","ping_status":"closed","template":"","meta":{"footnotes":""},"class_list":["post-60","page","type-page","status-publish","has-post-thumbnail","hentry"],"_links":{"self":[{"href":"https:\/\/www.melkiauto.com\/fr\/wp-json\/wp\/v2\/pages\/60","targetHints":{"allow":["GET"]}}],"collection":[{"href":"https:\/\/www.melkiauto.com\/fr\/wp-json\/wp\/v2\/pages"}],"about":[{"href":"https:\/\/www.melkiauto.com\/fr\/wp-json\/wp\/v2\/types\/page"}],"author":[{"embeddable":true,"href":"https:\/\/www.melkiauto.com\/fr\/wp-json\/wp\/v2\/users\/1"}],"replies":[{"embeddable":true,"href":"https:\/\/www.melkiauto.com\/fr\/wp-json\/wp\/v2\/comments?post=60"}],"version-history":[{"count":5,"href":"https:\/\/www.melkiauto.com\/fr\/wp-json\/wp\/v2\/pages\/60\/revisions"}],"predecessor-version":[{"id":193,"href":"https:\/\/www.melkiauto.com\/fr\/wp-json\/wp\/v2\/pages\/60\/revisions\/193"}],"wp:featuredmedia":[{"embeddable":true,"href":"https:\/\/www.melkiauto.com\/fr\/wp-json\/wp\/v2\/media\/123"}],"wp:attachment":[{"href":"https:\/\/www.melkiauto.com\/fr\/wp-json\/wp\/v2\/media?parent=60"}],"curies":[{"name":"wp","href":"https:\/\/api.w.org\/{rel}","templated":true}]}}