{"id":94,"date":"2018-01-14T07:52:16","date_gmt":"2018-01-14T12:52:16","guid":{"rendered":"https:\/\/www.melkiauto.com\/fr\/?page_id=94"},"modified":"2018-01-21T12:27:49","modified_gmt":"2018-01-21T17:27:49","slug":"diagnostique-electronique","status":"publish","type":"page","link":"https:\/\/www.melkiauto.com\/fr\/diagnostique-electronique\/","title":{"rendered":"Diagnostique \u00c9l\u00e9ctronique"},"content":{"rendered":"<p>De nos jours, tous les v\u00e9hicules routiers sont munis du syst\u00e8me OBD2 (On Board Diagnostics 2). Il s\u2019agit d\u2019une interface qui permet la lecture de codes d\u2019anomalies enregistr\u00e9s dans la m\u00e9moire de l\u2019ordinateur de l\u2019auto. Ces codes d\u2019anomalies se pr\u00e9sentent lorsqu\u2019un des nombreux capteurs \u00e9lectronique n\u2019op\u00e8re pas d\u2019une fa\u00e7on convenable. C\u2019est alors qu\u2019un t\u00e9moin d\u2019anomalie (Check Engine, ABS, Airbag, etc.) s\u2019allumera pour indiquer au conducteur de faire v\u00e9rifier son v\u00e9hicule. Pour conna\u00eetre la nature de l\u2019anomalie, le technicien doit poss\u00e9der les connaissances et l\u2019\u00e9quipement n\u00e9cessaire. Au Centre de l\u2019auto Melki, nos techniciens poss\u00e8dent l\u2019outillage et la formation n\u00e9cessaire pour r\u00e9parer tous les troubles \u00e9lectroniques que votre v\u00e9hicule peut avoir.<\/p>\n<div class='sfsi_Sicons' style='width: 100%; display: inline-block; vertical-align: middle; text-align:left'><div style='margin:0px 8px 0px 0px; line-height: 24px'><span><\/span><\/div><div class='sfsi_socialwpr'><div class='sf_subscrbe' style='text-align:left;float:left;width:64px'><a href=\"javascript:void(0);\" target=\"_blank\"><img decoding=\"async\" src=\"https:\/\/www.melkiauto.com\/fr\/wp-content\/plugins\/ultimate-social-media-icons\/images\/follow_subscribe.png\" \/><\/a><\/div><div class='sf_fb' style='text-align:left;width:98px'><div class=\"fb-like\" href=\"https:\/\/www.melkiauto.com\/fr\/diagnostique-electronique\/\" width=\"180\" send=\"false\" showfaces=\"false\"  action=\"like\" data-share=\"true\"data-layout=\"button\" ><\/div><\/div><div class='sf_twiter' style='text-align:left;float:left;width:auto'><a href=\"http:\/\/twitter.com\/share\" data-count=\"none\" class=\"sr-twitter-button twitter-share-button\" lang=\"en\" data-url=\"https:\/\/www.melkiauto.com\/fr\/diagnostique-electronique\/\" data-text=\"Diagnostique \u00c9l\u00e9ctronique\" ><\/a><\/div><div class='sf_pinit' style='text-align:left;float:left;line-height: 20px;width:47px'><a href=\"https:\/\/www.pinterest.com\/pin\/create\/button\/?url=&media=&description=\" data-pin-do=\"buttonPin\" data-pin-save=\"true\"data-pin-count=\"none\"><\/a><\/div><div class='sf_google' style='text-align:left;float:left;max-width:62px;min-width:35px;'><div class=\"g-plusone\" data-href=\"https:\/\/www.melkiauto.com\/fr\/diagnostique-electronique\/\" data-size=\"large\" data-annotation=\"none\" ><\/div><\/div><div class='sf_addthis'> <script type=\"text\/javascript\">\r\n\t\t\tvar addthis_config = {\r\n\t\t\t\t url: \"https:\/\/www.melkiauto.com\/fr\/diagnostique-electronique\/\",\r\n\t\t\t\t title: \"Diagnostique \u00c9l\u00e9ctronique\"\r\n\t\t\t}\r\n\t\t\t<\/script><div class=\"addthis_toolbox addthis_default_style addthis_20x20_style\" addthis:url=\"https:\/\/www.melkiauto.com\/fr\/diagnostique-electronique\/\" addthis:title=\"Diagnostique \u00c9l\u00e9ctronique\"><a class=\"addthis_button_compact \" href=\"#\">  <img decoding=\"async\" src=\"https:\/\/www.melkiauto.com\/fr\/wp-content\/plugins\/ultimate-social-media-icons\/images\/sharebtn.png\"  border=\"0\" alt=\"Share\" \/><\/a><\/div><\/div><\/div><\/div>","protected":false},"excerpt":{"rendered":"<p>De nos jours, tous les v\u00e9hicules routiers sont munis du syst\u00e8me OBD2 (On Board Diagnostics 2). Il s\u2019agit d\u2019une interface qui permet la lecture de codes d\u2019anomalies enregistr\u00e9s dans la m\u00e9moire de l\u2019ordinateur de l\u2019auto. Ces codes d\u2019anomalies se pr\u00e9sentent lorsqu\u2019un des nombreux capteurs \u00e9lectronique n\u2019op\u00e8re pas d\u2019une fa\u00e7on convenable. C\u2019est alors qu\u2019un t\u00e9moin d\u2019anomalie &hellip; <\/p>\n<p class=\"link-more\"><a href=\"https:\/\/www.melkiauto.com\/fr\/diagnostique-electronique\/\" class=\"more-link\">Continuer la lecture<span class=\"screen-reader-text\"> de &laquo; Diagnostique \u00c9l\u00e9ctronique &raquo;<\/span><\/a><\/p>\n","protected":false},"author":1,"featured_media":121,"parent":0,"menu_order":0,"comment_status":"closed","ping_status":"closed","template":"","meta":{"footnotes":""},"class_list":["post-94","page","type-page","status-publish","has-post-thumbnail","hentry"],"_links":{"self":[{"href":"https:\/\/www.melkiauto.com\/fr\/wp-json\/wp\/v2\/pages\/94","targetHints":{"allow":["GET"]}}],"collection":[{"href":"https:\/\/www.melkiauto.com\/fr\/wp-json\/wp\/v2\/pages"}],"about":[{"href":"https:\/\/www.melkiauto.com\/fr\/wp-json\/wp\/v2\/types\/page"}],"author":[{"embeddable":true,"href":"https:\/\/www.melkiauto.com\/fr\/wp-json\/wp\/v2\/users\/1"}],"replies":[{"embeddable":true,"href":"https:\/\/www.melkiauto.com\/fr\/wp-json\/wp\/v2\/comments?post=94"}],"version-history":[{"count":2,"href":"https:\/\/www.melkiauto.com\/fr\/wp-json\/wp\/v2\/pages\/94\/revisions"}],"predecessor-version":[{"id":122,"href":"https:\/\/www.melkiauto.com\/fr\/wp-json\/wp\/v2\/pages\/94\/revisions\/122"}],"wp:featuredmedia":[{"embeddable":true,"href":"https:\/\/www.melkiauto.com\/fr\/wp-json\/wp\/v2\/media\/121"}],"wp:attachment":[{"href":"https:\/\/www.melkiauto.com\/fr\/wp-json\/wp\/v2\/media?parent=94"}],"curies":[{"name":"wp","href":"https:\/\/api.w.org\/{rel}","templated":true}]}}