{"id":97,"date":"2018-01-14T07:53:05","date_gmt":"2018-01-14T12:53:05","guid":{"rendered":"https:\/\/www.melkiauto.com\/fr\/?page_id=97"},"modified":"2018-01-21T12:39:20","modified_gmt":"2018-01-21T17:39:20","slug":"moteur","status":"publish","type":"page","link":"https:\/\/www.melkiauto.com\/fr\/moteur\/","title":{"rendered":"Moteur"},"content":{"rendered":"<p>Le moteur est un des syst\u00e8mes les plus complexes de nos v\u00e9hicules. Avec les avanc\u00e9es technologiques des fabricants, le moteur doit \u00eatre entretenu et r\u00e9par\u00e9 avec de l\u2019outillage sp\u00e9cialis\u00e9. Bien souvent, un trouble moteur peut \u00eatre \u00e9vit\u00e9 si l\u2019entretien r\u00e9gulier est effectu\u00e9. Au Centre de l&rsquo;auto Melki, notre \u00e9quipe de professionnels poss\u00e8de la formation n\u00e9cessaire afin d\u2019effectuer les entretiens, les r\u00e9glages et les r\u00e9parations li\u00e9s au moteur.<\/p>\n<div class='sfsi_Sicons' style='width: 100%; display: inline-block; vertical-align: middle; text-align:left'><div style='margin:0px 8px 0px 0px; line-height: 24px'><span><\/span><\/div><div class='sfsi_socialwpr'><div class='sf_subscrbe' style='text-align:left;float:left;width:64px'><a href=\"javascript:void(0);\" target=\"_blank\"><img decoding=\"async\" src=\"https:\/\/www.melkiauto.com\/fr\/wp-content\/plugins\/ultimate-social-media-icons\/images\/follow_subscribe.png\" \/><\/a><\/div><div class='sf_fb' style='text-align:left;width:98px'><div class=\"fb-like\" href=\"https:\/\/www.melkiauto.com\/fr\/moteur\/\" width=\"180\" send=\"false\" showfaces=\"false\"  action=\"like\" data-share=\"true\"data-layout=\"button\" ><\/div><\/div><div class='sf_twiter' style='text-align:left;float:left;width:auto'><a href=\"http:\/\/twitter.com\/share\" data-count=\"none\" class=\"sr-twitter-button twitter-share-button\" lang=\"en\" data-url=\"https:\/\/www.melkiauto.com\/fr\/moteur\/\" data-text=\"Moteur\" ><\/a><\/div><div class='sf_pinit' style='text-align:left;float:left;line-height: 20px;width:47px'><a href=\"https:\/\/www.pinterest.com\/pin\/create\/button\/?url=&media=&description=\" data-pin-do=\"buttonPin\" data-pin-save=\"true\"data-pin-count=\"none\"><\/a><\/div><div class='sf_google' style='text-align:left;float:left;max-width:62px;min-width:35px;'><div class=\"g-plusone\" data-href=\"https:\/\/www.melkiauto.com\/fr\/moteur\/\" data-size=\"large\" data-annotation=\"none\" ><\/div><\/div><div class='sf_addthis'> <script type=\"text\/javascript\">\r\n\t\t\tvar addthis_config = {\r\n\t\t\t\t url: \"https:\/\/www.melkiauto.com\/fr\/moteur\/\",\r\n\t\t\t\t title: \"Moteur\"\r\n\t\t\t}\r\n\t\t\t<\/script><div class=\"addthis_toolbox addthis_default_style addthis_20x20_style\" addthis:url=\"https:\/\/www.melkiauto.com\/fr\/moteur\/\" addthis:title=\"Moteur\"><a class=\"addthis_button_compact \" href=\"#\">  <img decoding=\"async\" src=\"https:\/\/www.melkiauto.com\/fr\/wp-content\/plugins\/ultimate-social-media-icons\/images\/sharebtn.png\"  border=\"0\" alt=\"Share\" \/><\/a><\/div><\/div><\/div><\/div>","protected":false},"excerpt":{"rendered":"<p>Le moteur est un des syst\u00e8mes les plus complexes de nos v\u00e9hicules. Avec les avanc\u00e9es technologiques des fabricants, le moteur doit \u00eatre entretenu et r\u00e9par\u00e9 avec de l\u2019outillage sp\u00e9cialis\u00e9. Bien souvent, un trouble moteur peut \u00eatre \u00e9vit\u00e9 si l\u2019entretien r\u00e9gulier est effectu\u00e9. Au Centre de l&rsquo;auto Melki, notre \u00e9quipe de professionnels poss\u00e8de la formation n\u00e9cessaire &hellip; <\/p>\n<p class=\"link-more\"><a href=\"https:\/\/www.melkiauto.com\/fr\/moteur\/\" class=\"more-link\">Continuer la lecture<span class=\"screen-reader-text\"> de &laquo; Moteur &raquo;<\/span><\/a><\/p>\n","protected":false},"author":1,"featured_media":126,"parent":0,"menu_order":0,"comment_status":"closed","ping_status":"closed","template":"","meta":{"footnotes":""},"class_list":["post-97","page","type-page","status-publish","has-post-thumbnail","hentry"],"_links":{"self":[{"href":"https:\/\/www.melkiauto.com\/fr\/wp-json\/wp\/v2\/pages\/97","targetHints":{"allow":["GET"]}}],"collection":[{"href":"https:\/\/www.melkiauto.com\/fr\/wp-json\/wp\/v2\/pages"}],"about":[{"href":"https:\/\/www.melkiauto.com\/fr\/wp-json\/wp\/v2\/types\/page"}],"author":[{"embeddable":true,"href":"https:\/\/www.melkiauto.com\/fr\/wp-json\/wp\/v2\/users\/1"}],"replies":[{"embeddable":true,"href":"https:\/\/www.melkiauto.com\/fr\/wp-json\/wp\/v2\/comments?post=97"}],"version-history":[{"count":2,"href":"https:\/\/www.melkiauto.com\/fr\/wp-json\/wp\/v2\/pages\/97\/revisions"}],"predecessor-version":[{"id":127,"href":"https:\/\/www.melkiauto.com\/fr\/wp-json\/wp\/v2\/pages\/97\/revisions\/127"}],"wp:featuredmedia":[{"embeddable":true,"href":"https:\/\/www.melkiauto.com\/fr\/wp-json\/wp\/v2\/media\/126"}],"wp:attachment":[{"href":"https:\/\/www.melkiauto.com\/fr\/wp-json\/wp\/v2\/media?parent=97"}],"curies":[{"name":"wp","href":"https:\/\/api.w.org\/{rel}","templated":true}]}}